{"id":97,"date":"2021-12-13T19:43:55","date_gmt":"2021-12-13T19:43:55","guid":{"rendered":"https:\/\/www.temperament430.cz\/?page_id=97"},"modified":"2022-01-30T11:06:27","modified_gmt":"2022-01-30T11:06:27","slug":"2016-probehle-koncerty","status":"publish","type":"page","link":"https:\/\/www.temperament430.cz\/?page_id=97","title":{"rendered":"2016"},"content":{"rendered":"\n<div class=\"wp-block-columns is-layout-flex wp-container-core-columns-is-layout-9d6595d7 wp-block-columns-is-layout-flex\">\n<div class=\"wp-block-column is-layout-flow wp-block-column-is-layout-flow\" style=\"flex-basis:66.66%\">\n<p>6. 4. 2016, 19.30 hodin<br>Galerie Art Space, \u0158et\u011bzov\u00e1 7, Praha 1<\/p>\n\n\n\n<p>W. A. Mozart a jeho \u0161v\u00e9dsk\u00fd dvojn\u00edk<br>Koncert k oslav\u011b kulat\u00e9ho v\u00fdro\u010d\u00ed<br>narozen\u00ed Wolfganga Amadea Mozarta (1756\u20131791)<br>a tak\u00e9 k oslav\u011b t\u00e9ho\u017e v\u00fdro\u010d\u00ed narozen\u00ed \u201e\u0161v\u00e9dsk\u00e9hoMozarta\u201c<br>Josepha Martina Krause (1756\u20131792)<br>Jindra \u010cern\u00e1 \u2013 flauto traverso; Magdal\u00e9na Mal\u00e1 \u2013 housle;<br>Jan Si\u0159\u00ednek \u2013 housle; Karol\u00edna \u010cern\u00e1 \u2013 viola;<br>Helena Maty\u00e1\u0161ov\u00e1 \u2013 violoncello<\/p>\n<\/div>\n\n\n\n<div class=\"wp-block-column is-layout-flow wp-block-column-is-layout-flow\" style=\"flex-basis:33.33%\">\n<div data-wp-interactive=\"core\/file\" class=\"wp-block-file\"><object data-wp-bind--hidden=\"!state.hasPdfPreview\" hidden class=\"wp-block-file__embed\" data=\"https:\/\/www.temperament430.cz\/wp-content\/uploads\/2022\/01\/1-3.pdf\" type=\"application\/pdf\" style=\"width:100%;height:500px\" aria-label=\"Vlo\u017eit z Vlo\u017eit z 1-3..\"><\/object><a id=\"wp-block-file--media-12e26489-d29d-4173-82b2-02900d84975f\" href=\"https:\/\/www.temperament430.cz\/wp-content\/uploads\/2022\/01\/1-3.pdf\">1-3<\/a><a href=\"https:\/\/www.temperament430.cz\/wp-content\/uploads\/2022\/01\/1-3.pdf\" class=\"wp-block-file__button\" download aria-describedby=\"wp-block-file--media-12e26489-d29d-4173-82b2-02900d84975f\">St\u00e1hnout<\/a><\/div>\n<\/div>\n<\/div>\n\n\n\n<div style=\"height:200px\" aria-hidden=\"true\" class=\"wp-block-spacer\"><\/div>\n\n\n\n<hr class=\"wp-block-separator has-text-color has-background has-black-background-color has-black-color is-style-wide\"\/>\n\n\n\n<div class=\"wp-block-columns is-layout-flex wp-container-core-columns-is-layout-9d6595d7 wp-block-columns-is-layout-flex\">\n<div class=\"wp-block-column is-layout-flow wp-block-column-is-layout-flow\" style=\"flex-basis:66.66%\">\n<p>4. 5. 2016, 19.30 hodin<br>Galerie Art Space, \u0158et\u011bzov\u00e1 7, Praha 1<\/p>\n\n\n\n<p>T\u00e9m\u011b\u0159 mor\u00e1ln\u00ed ve\u010der<br>Je k\u00e1va lep\u0161\u00ed ne\u017e mu\u0161k\u00e1tov\u00e9 v\u00edno?<br>Tuto ot\u00e1zku \u0159e\u0161\u00ed mor\u00e1ln\u00ed kant\u00e1ta o k\u00e1v\u011b odJohanna Sebastiana Bacha.<br>A o dal\u0161\u00edch mor\u00e1ln\u00edch ot\u00e1zk\u00e1ch se zp\u00edv\u00e1 vkant\u00e1t\u00e1ch od Georga Friedricha H\u00e4ndela \u010di Georga Philippa Telemanna.<br>Irena Troupov\u00e1 \u2013 sopr\u00e1n; Jindra \u010cern\u00e1 \u2013 flauto traverso<br>Ji\u0159ina Dvo\u0159\u00e1kov\u00e1 \u2013 varhann\u00ed positiv<\/p>\n<\/div>\n\n\n\n<div class=\"wp-block-column is-layout-flow wp-block-column-is-layout-flow\" style=\"flex-basis:33.33%\">\n<div data-wp-interactive=\"core\/file\" class=\"wp-block-file\"><object data-wp-bind--hidden=\"!state.hasPdfPreview\" hidden class=\"wp-block-file__embed\" data=\"https:\/\/www.temperament430.cz\/wp-content\/uploads\/2022\/01\/2-3.pdf\" type=\"application\/pdf\" style=\"width:100%;height:500px\" aria-label=\"Vlo\u017eit z Vlo\u017eit z 2-3..\"><\/object><a id=\"wp-block-file--media-42c59958-b253-414f-8457-57279cfaf0d3\" href=\"https:\/\/www.temperament430.cz\/wp-content\/uploads\/2022\/01\/2-3.pdf\">2-3<\/a><a href=\"https:\/\/www.temperament430.cz\/wp-content\/uploads\/2022\/01\/2-3.pdf\" class=\"wp-block-file__button\" download aria-describedby=\"wp-block-file--media-42c59958-b253-414f-8457-57279cfaf0d3\">St\u00e1hnout<\/a><\/div>\n<\/div>\n<\/div>\n\n\n\n<div style=\"height:200px\" aria-hidden=\"true\" class=\"wp-block-spacer\"><\/div>\n\n\n\n<hr class=\"wp-block-separator has-text-color has-background has-black-background-color has-black-color is-style-wide\"\/>\n\n\n\n<div class=\"wp-block-columns is-layout-flex wp-container-core-columns-is-layout-9d6595d7 wp-block-columns-is-layout-flex\">\n<div class=\"wp-block-column is-layout-flow wp-block-column-is-layout-flow\" style=\"flex-basis:66.66%\">\n<p>15. 6. 2016, 19.30 hodin,<br>P\u00edseck\u00e1 br\u00e1na, K Brusce 5, Praha 6<\/p>\n\n\n\n<p>Hudba dok\u00e1\u017ee neuv\u011b\u0159iteln\u00e9 v\u011bci<br>Slavnostn\u00ed koncert k v\u00fdro\u010d\u00ed 20 let partnerstv\u00ed m\u011bst Praha a Kj\u00f3to<br>Jindra \u010cern\u00e1 \u2013 flauto traverso<br>Akiko Wada \u2013 koto<\/p>\n<\/div>\n\n\n\n<div class=\"wp-block-column is-layout-flow wp-block-column-is-layout-flow\" style=\"flex-basis:33.33%\">\n<div data-wp-interactive=\"core\/file\" class=\"wp-block-file\"><object data-wp-bind--hidden=\"!state.hasPdfPreview\" hidden class=\"wp-block-file__embed\" data=\"https:\/\/www.temperament430.cz\/wp-content\/uploads\/2022\/01\/3-3.pdf\" type=\"application\/pdf\" style=\"width:100%;height:500px\" aria-label=\"Vlo\u017eit z Vlo\u017eit z 3-3..\"><\/object><a id=\"wp-block-file--media-67994d4d-4a98-487c-bd45-3c8979956176\" href=\"https:\/\/www.temperament430.cz\/wp-content\/uploads\/2022\/01\/3-3.pdf\">3-3<\/a><a href=\"https:\/\/www.temperament430.cz\/wp-content\/uploads\/2022\/01\/3-3.pdf\" class=\"wp-block-file__button\" download aria-describedby=\"wp-block-file--media-67994d4d-4a98-487c-bd45-3c8979956176\">St\u00e1hnout<\/a><\/div>\n<\/div>\n<\/div>\n\n\n\n<div style=\"height:254px\" aria-hidden=\"true\" class=\"wp-block-spacer\"><\/div>\n\n\n\n<hr class=\"wp-block-separator has-text-color has-background has-black-background-color has-black-color is-style-wide\"\/>\n\n\n\n<div class=\"wp-block-columns is-layout-flex wp-container-core-columns-is-layout-9d6595d7 wp-block-columns-is-layout-flex\">\n<div class=\"wp-block-column is-layout-flow wp-block-column-is-layout-flow\" style=\"flex-basis:66.66%\">\n<p>17. 8. 2016, 19.30 hodin<br>Rezidence Ryt\u00ed\u0159sk\u00e9ho \u0159\u00e1du K\u0159i\u017eovn\u00edk\u016f<br>s \u010dervenou hv\u011bzdou<br>Dob\u0159ichovice<\/p>\n\n\n\n<p>Mezi Karlem IV. a Karlem I.<br>Jindra \u010cern\u00e1 \u2013 flauto traverso<br>Ji\u0159ina Dvo\u0159\u00e1kov\u00e1 \u2013 varhann\u00ed positiv<\/p>\n<\/div>\n\n\n\n<div class=\"wp-block-column is-layout-flow wp-block-column-is-layout-flow\" style=\"flex-basis:33.33%\">\n<div data-wp-interactive=\"core\/file\" class=\"wp-block-file\"><object data-wp-bind--hidden=\"!state.hasPdfPreview\" hidden class=\"wp-block-file__embed\" data=\"https:\/\/www.temperament430.cz\/wp-content\/uploads\/2022\/01\/4-3.pdf\" type=\"application\/pdf\" style=\"width:100%;height:500px\" aria-label=\"Vlo\u017eit z Vlo\u017eit z 4-3..\"><\/object><a id=\"wp-block-file--media-44f6a269-6a7a-4f99-8b29-bcd25d46cae2\" href=\"https:\/\/www.temperament430.cz\/wp-content\/uploads\/2022\/01\/4-3.pdf\">4-3<\/a><a href=\"https:\/\/www.temperament430.cz\/wp-content\/uploads\/2022\/01\/4-3.pdf\" class=\"wp-block-file__button\" download aria-describedby=\"wp-block-file--media-44f6a269-6a7a-4f99-8b29-bcd25d46cae2\">St\u00e1hnout<\/a><\/div>\n<\/div>\n<\/div>\n\n\n\n<div style=\"height:210px\" aria-hidden=\"true\" class=\"wp-block-spacer\"><\/div>\n\n\n\n<hr class=\"wp-block-separator has-text-color has-background has-black-background-color has-black-color is-style-wide\"\/>\n\n\n\n<div class=\"wp-block-columns is-layout-flex wp-container-core-columns-is-layout-9d6595d7 wp-block-columns-is-layout-flex\">\n<div class=\"wp-block-column is-layout-flow wp-block-column-is-layout-flow\" style=\"flex-basis:66.66%\">\n<p>22. 9. 2016, 18.00 hodin<br>Kostel sv. Petra a Pavla<br>Doln\u00ed Lukavice<\/p>\n\n\n\n<p><a href=\"https:\/\/www.haydn-festival.eu\/\">Haydnovy hudebn\u00ed slavnosti<\/a><\/p>\n\n\n\n<p>W. A. Mozart a jeho \u0161v\u00e9dsk\u00fd dvojn\u00edk<br>Jindra \u010cern\u00e1 \u2013 flauto traverso<br>Lucie Sedl\u00e1kov\u00e1-H\u016flov\u00e1 \u2013 housle;<br>Jan Si\u0159\u00ednek \u2013 housle; Dagmar Ma\u0161kov\u00e1 \u2013 viola;<br>Helena Maty\u00e1\u0161ov\u00e1 \u2013 violoncello<\/p>\n<\/div>\n\n\n\n<div class=\"wp-block-column is-layout-flow wp-block-column-is-layout-flow\" style=\"flex-basis:33.33%\"><\/div>\n<\/div>\n\n\n\n<hr class=\"wp-block-separator has-text-color has-background has-black-background-color has-black-color is-style-wide\"\/>\n\n\n\n<div class=\"wp-block-columns is-layout-flex wp-container-core-columns-is-layout-9d6595d7 wp-block-columns-is-layout-flex\">\n<div class=\"wp-block-column is-layout-flow wp-block-column-is-layout-flow\" style=\"flex-basis:66.66%\">\n<p>19. 10. 2016, 19.30 hodin<br>Galerie Art Space, \u0158et\u011bzov\u00e1 7, Praha 1<\/p>\n\n\n\n<p>Vivat Telemann<br>Komorn\u00ed i duchovn\u00ed hudba podivuhodn\u00e9ho \u010dlov\u011bka,<br>kter\u00fd m\u011bl pod palcem t\u00e9m\u011b\u0159 ve\u0161kerou hudebn\u00ed produkci<br>m\u011bsta Hamburku. A byl \u00fasp\u011b\u0161n\u00fd i v dal\u0161\u00edch oborech.<br>Jindra \u010cern\u00e1 \u2013 flauto traverso<br>Jan Si\u0159\u00ednek \u2013 housle; Jakub Michl \u2013 viola da gamba<br>Marek Zeman \u2013 violoncello<br>Ji\u0159ina Dvo\u0159\u00e1kov\u00e1 \u2013 varhann\u00ed positiv<\/p>\n<\/div>\n\n\n\n<div class=\"wp-block-column is-layout-flow wp-block-column-is-layout-flow\" style=\"flex-basis:33.33%\"><\/div>\n<\/div>\n\n\n\n<hr class=\"wp-block-separator has-text-color has-background has-black-background-color has-black-color is-style-wide\"\/>\n\n\n\n<div class=\"wp-block-columns is-layout-flex wp-container-core-columns-is-layout-9d6595d7 wp-block-columns-is-layout-flex\">\n<div class=\"wp-block-column is-layout-flow wp-block-column-is-layout-flow\" style=\"flex-basis:66.66%\">\n<p>23. 11. 2016, 19.30 hodin<br>Galerie Art Space, \u0158et\u011bzov\u00e1 7, Praha 1<\/p>\n\n\n\n<p><a href=\"https:\/\/www.youtube.com\/watch?v=eNheFRR-FwQ\">z\u00e1znam z koncertu<\/a><\/p>\n\n\n\n<p>W. A. Mozart a jeho \u0161v\u00e9dsk\u00fd dvojn\u00edk J. M. Kraus<br>Koncert k oslav\u011b kulat\u00e9ho v\u00fdro\u010d\u00ed narozen\u00ed<br>obou zmi\u0148ovan\u00fdch p\u00e1n\u016f (1756)<br>Jindra \u010cern\u00e1 \u2013 flauto traverso<br>Lucie Sedl\u00e1kov\u00e1 H\u016flov\u00e1 \u2013 housle<br>Jan Si\u0159\u00ednek \u2013 housle<br>Dagmar Ma\u0161kov\u00e1 \u2013 viola<br>Helena Maty\u00e1\u0161ov\u00e1 \u2013 violoncello<\/p>\n<\/div>\n\n\n\n<div class=\"wp-block-column is-layout-flow wp-block-column-is-layout-flow\" style=\"flex-basis:33.33%\">\n<div data-wp-interactive=\"core\/file\" class=\"wp-block-file\"><object data-wp-bind--hidden=\"!state.hasPdfPreview\" hidden class=\"wp-block-file__embed\" data=\"https:\/\/www.temperament430.cz\/wp-content\/uploads\/2022\/01\/7-1.pdf\" type=\"application\/pdf\" style=\"width:100%;height:500px\" aria-label=\"Vlo\u017eit z Vlo\u017eit z 7-1..\"><\/object><a id=\"wp-block-file--media-467a6192-4bc1-4a6b-92a4-a96daccd0f7e\" href=\"https:\/\/www.temperament430.cz\/wp-content\/uploads\/2022\/01\/7-1.pdf\">7-1<\/a><a href=\"https:\/\/www.temperament430.cz\/wp-content\/uploads\/2022\/01\/7-1.pdf\" class=\"wp-block-file__button\" download aria-describedby=\"wp-block-file--media-467a6192-4bc1-4a6b-92a4-a96daccd0f7e\">St\u00e1hnout<\/a><\/div>\n<\/div>\n<\/div>\n\n\n\n<div style=\"height:92px\" aria-hidden=\"true\" class=\"wp-block-spacer\"><\/div>\n\n\n\n<hr class=\"wp-block-separator has-text-color has-background has-black-background-color has-black-color is-style-wide\"\/>\n\n\n\n<div class=\"wp-block-columns is-layout-flex wp-container-core-columns-is-layout-9d6595d7 wp-block-columns-is-layout-flex\">\n<div class=\"wp-block-column is-layout-flow wp-block-column-is-layout-flow\" style=\"flex-basis:66.66%\">\n<p>21.12.<br>&#8222;U t\u0159\u00ed div\u00fdch mu\u017e\u016f&#8220;<br>\u0158et\u011bzov\u00e1 ulice \u010d\u00edslo 7 v Praze 1<br>&#8222;Koncert ku poct\u011b slunovratu&#8220;<\/p>\n\n\n\n<p>N\u00e1stup astronomick\u00e9 zimy a vl\u00e1dy Saturnovy p\u0159\u00edmo vyb\u00edz\u00ed k objevov\u00e1n\u00ed<br>p\u0159esah\u016f hudby a astromonie. Slibuji kr\u00e1snou muziku vrcholn\u011b barokn\u00ed,<br>ale i soudobou. Provedeme ji v obsazen\u00ed<br>Helena Pellarov\u00e1 &#8211; sopr\u00e1n<br>Jindra \u010cern\u00e1 &#8211; flauto traverso<br>Luk\u00e1\u0161 Vendl &#8211; cembalo<br>Koncert se ji\u017e tradi\u010dn\u011b kon\u00e1 v rom\u00e1nsk\u00e9m sklepen\u00ed domu &#8222;U t\u0159\u00ed div\u00fdch<br>mu\u017e\u016f&#8220; v \u0158et\u011bzov\u00e9 ulici \u010d\u00edslo 7 v Praze 1, kde s\u00eddl\u00ed galerie Art Space,<br>ve st\u0159edu 21.12. od 19.30 hodin.<\/p>\n<\/div>\n\n\n\n<div class=\"wp-block-column is-layout-flow wp-block-column-is-layout-flow\" style=\"flex-basis:33.33%\"><\/div>\n<\/div>\n","protected":false},"excerpt":{"rendered":"<p>6. 4. 2016, 19.30 hodinGalerie Art Space, \u0158et\u011bzov\u00e1 7, Praha 1 W. A. Mozart a jeho \u0161v\u00e9dsk\u00fd dvojn\u00edkKoncert k oslav\u011b<a href=\"https:\/\/www.temperament430.cz\/?page_id=97\" class=\"more-link\"><span class=\"readmore\">Continue reading<span class=\"screen-reader-text\">2016<\/span><\/span><\/a><\/p>\n","protected":false},"author":1,"featured_media":0,"parent":0,"menu_order":0,"comment_status":"closed","ping_status":"closed","template":"","meta":{"footnotes":""},"folder":[5],"class_list":["post-97","page","type-page","status-publish","hentry"],"_links":{"self":[{"href":"https:\/\/www.temperament430.cz\/index.php?rest_route=\/wp\/v2\/pages\/97","targetHints":{"allow":["GET"]}}],"collection":[{"href":"https:\/\/www.temperament430.cz\/index.php?rest_route=\/wp\/v2\/pages"}],"about":[{"href":"https:\/\/www.temperament430.cz\/index.php?rest_route=\/wp\/v2\/types\/page"}],"author":[{"embeddable":true,"href":"https:\/\/www.temperament430.cz\/index.php?rest_route=\/wp\/v2\/users\/1"}],"replies":[{"embeddable":true,"href":"https:\/\/www.temperament430.cz\/index.php?rest_route=%2Fwp%2Fv2%2Fcomments&post=97"}],"version-history":[{"count":9,"href":"https:\/\/www.temperament430.cz\/index.php?rest_route=\/wp\/v2\/pages\/97\/revisions"}],"predecessor-version":[{"id":463,"href":"https:\/\/www.temperament430.cz\/index.php?rest_route=\/wp\/v2\/pages\/97\/revisions\/463"}],"wp:attachment":[{"href":"https:\/\/www.temperament430.cz\/index.php?rest_route=%2Fwp%2Fv2%2Fmedia&parent=97"}],"wp:term":[{"taxonomy":"folder","embeddable":true,"href":"https:\/\/www.temperament430.cz\/index.php?rest_route=%2Fwp%2Fv2%2Ffolder&post=97"}],"curies":[{"name":"wp","href":"https:\/\/api.w.org\/{rel}","templated":true}]}}