{"id":96,"date":"2021-12-13T19:43:49","date_gmt":"2021-12-13T19:43:49","guid":{"rendered":"https:\/\/www.temperament430.cz\/?page_id=96"},"modified":"2022-01-30T11:04:31","modified_gmt":"2022-01-30T11:04:31","slug":"2015-probehle-koncerty","status":"publish","type":"page","link":"https:\/\/www.temperament430.cz\/?page_id=96","title":{"rendered":"2015"},"content":{"rendered":"\n<div class=\"wp-block-columns is-layout-flex wp-container-core-columns-is-layout-9d6595d7 wp-block-columns-is-layout-flex\">\n<div class=\"wp-block-column is-layout-flow wp-block-column-is-layout-flow\" style=\"flex-basis:66.66%\">\n<p>18. 3. 2015, 19.30 hodin<br>Galerie Art Space, \u0158et\u011bzov\u00e1 7, Praha 1<\/p>\n\n\n\n<p>Beehoven \u2013 Rejcha \u2013 Ries<br>\u010dili hudba 100 let p\u0159ed vyn\u00e1lezem blues<br>Jindra \u010cern\u00e1 \u2013 flauto traverso, Jan Si\u0159\u00ednek \u2013 housle,<br>Kate\u0159ina Trnavsk\u00e1 \u2013 viola, Helena Maty\u00e1\u0161ov\u00e1 \u2013 violoncello<br>V\u011bra Bart\u00e1kov\u00e1 a hv\u011bzd\u00e1rna Mikul\u00e1\u0161ovice \u2013 astronomie, jaro, zatm\u011bn\u00ed<\/p>\n<\/div>\n\n\n\n<div class=\"wp-block-column is-layout-flow wp-block-column-is-layout-flow\" style=\"flex-basis:33.33%\">\n<div data-wp-interactive=\"core\/file\" class=\"wp-block-file\"><object data-wp-bind--hidden=\"!state.hasPdfPreview\" hidden class=\"wp-block-file__embed\" data=\"https:\/\/www.temperament430.cz\/wp-content\/uploads\/2022\/01\/1-2.pdf\" type=\"application\/pdf\" style=\"width:100%;height:500px\" aria-label=\"Vlo\u017eit z Vlo\u017eit z 1-2..\"><\/object><a id=\"wp-block-file--media-1a8dccbd-534a-430a-aa09-ed40c9ce8600\" href=\"https:\/\/www.temperament430.cz\/wp-content\/uploads\/2022\/01\/1-2.pdf\">1-2<\/a><a href=\"https:\/\/www.temperament430.cz\/wp-content\/uploads\/2022\/01\/1-2.pdf\" class=\"wp-block-file__button\" download aria-describedby=\"wp-block-file--media-1a8dccbd-534a-430a-aa09-ed40c9ce8600\">St\u00e1hnout<\/a><\/div>\n<\/div>\n<\/div>\n\n\n\n<div style=\"height:220px\" aria-hidden=\"true\" class=\"wp-block-spacer\"><\/div>\n\n\n\n<hr class=\"wp-block-separator has-text-color has-background has-black-background-color has-black-color is-style-wide\"\/>\n\n\n\n<div class=\"wp-block-columns is-layout-flex wp-container-core-columns-is-layout-9d6595d7 wp-block-columns-is-layout-flex\">\n<div class=\"wp-block-column is-layout-flow wp-block-column-is-layout-flow\" style=\"flex-basis:66.66%\">\n<p>22. 4. 2015, 19.30 hodin<br>Galerie Art Space, \u0158et\u011bzov\u00e1 7, Praha 1<\/p>\n\n\n\n<p>Fl\u00e9tna + Fagot<br>Za dobrodru\u017estv\u00edm do divok\u00fdch kon\u010din baroka a klasicismu s pu\u0161kou henryovkou, medv\u011bdobijcem<br>a dv\u011bma tlapami, co zkrot\u00ed 101 p\u00ed\u0161\u0165al<br>Jindra \u010cern\u00e1 \u2013 flauto traverso, Petr Bud\u00edn \u2013 barokn\u00ed fagot,<br>Ji\u0159ina Dvo\u0159\u00e1kov\u00e1-Mare\u0161ov\u00e1 \u2013 varhann\u00ed positiv<\/p>\n<\/div>\n\n\n\n<div class=\"wp-block-column is-layout-flow wp-block-column-is-layout-flow\" style=\"flex-basis:33.33%\">\n<div data-wp-interactive=\"core\/file\" class=\"wp-block-file\"><object data-wp-bind--hidden=\"!state.hasPdfPreview\" hidden class=\"wp-block-file__embed\" data=\"https:\/\/www.temperament430.cz\/wp-content\/uploads\/2022\/01\/2-2.pdf\" type=\"application\/pdf\" style=\"width:100%;height:500px\" aria-label=\"Vlo\u017eit z Vlo\u017eit z 2-2..\"><\/object><a id=\"wp-block-file--media-2437d96e-23e9-4282-978b-4ad3886e84e2\" href=\"https:\/\/www.temperament430.cz\/wp-content\/uploads\/2022\/01\/2-2.pdf\">2-2<\/a><a href=\"https:\/\/www.temperament430.cz\/wp-content\/uploads\/2022\/01\/2-2.pdf\" class=\"wp-block-file__button\" download aria-describedby=\"wp-block-file--media-2437d96e-23e9-4282-978b-4ad3886e84e2\">St\u00e1hnout<\/a><\/div>\n<\/div>\n<\/div>\n\n\n\n<div style=\"height:220px\" aria-hidden=\"true\" class=\"wp-block-spacer\"><\/div>\n\n\n\n<hr class=\"wp-block-separator has-text-color has-background has-black-background-color has-black-color is-style-wide\"\/>\n\n\n\n<div class=\"wp-block-columns is-layout-flex wp-container-core-columns-is-layout-9d6595d7 wp-block-columns-is-layout-flex\">\n<div class=\"wp-block-column is-layout-flow wp-block-column-is-layout-flow\" style=\"flex-basis:66.66%\">\n<p>19. 5. 2015, 19.30 hodin<br>Galerie Art Space, \u0158et\u011bzov\u00e1 7, Praha 1<\/p>\n\n\n\n<p>Akiko Wada \u2013 semin\u00e1\u0159 o h\u0159e na tradi\u010dn\u00ed japonsk\u00fd n\u00e1stroj koto<br>Hudba dok\u00e1\u017ee neuv\u011b\u0159iteln\u00e9 v\u011bci<br>Spole\u010dn\u00fd koncert japonsk\u00e9 a evropsk\u00e9 hudby,<br>aneb hudebn\u00ed rouha\u010di v akci<br>Akiko Wada \u2013 koto<br>Jindra \u010cern\u00e1 \u2013 flauto traverso alias baruha\u010di<\/p>\n<\/div>\n\n\n\n<div class=\"wp-block-column is-layout-flow wp-block-column-is-layout-flow\" style=\"flex-basis:33.33%\">\n<div data-wp-interactive=\"core\/file\" class=\"wp-block-file\"><object data-wp-bind--hidden=\"!state.hasPdfPreview\" hidden class=\"wp-block-file__embed\" data=\"https:\/\/www.temperament430.cz\/wp-content\/uploads\/2022\/01\/3-2.pdf\" type=\"application\/pdf\" style=\"width:100%;height:600px\" aria-label=\"Vlo\u017eit z Vlo\u017eit z 3-2..\"><\/object><a id=\"wp-block-file--media-6c22573f-a552-4ff5-aaf0-1589b15532b6\" href=\"https:\/\/www.temperament430.cz\/wp-content\/uploads\/2022\/01\/3-2.pdf\">3-2<\/a><a href=\"https:\/\/www.temperament430.cz\/wp-content\/uploads\/2022\/01\/3-2.pdf\" class=\"wp-block-file__button\" download aria-describedby=\"wp-block-file--media-6c22573f-a552-4ff5-aaf0-1589b15532b6\"><\/a><\/div>\n<\/div>\n<\/div>\n\n\n\n<div style=\"height:281px\" aria-hidden=\"true\" class=\"wp-block-spacer\"><\/div>\n\n\n\n<hr class=\"wp-block-separator has-text-color has-background has-black-background-color has-black-color is-style-wide\"\/>\n\n\n\n<div class=\"wp-block-columns is-layout-flex wp-container-core-columns-is-layout-9d6595d7 wp-block-columns-is-layout-flex\">\n<div class=\"wp-block-column is-layout-flow wp-block-column-is-layout-flow\" style=\"flex-basis:66.66%\">\n<p>21. 5. 2015, 17.30 hodin<br>D\u011btsk\u00fd klub Kodymka<br>Na Fi\u0161erce 19, Praha 6<\/p>\n\n\n\n<p>Hudba, na kterou by za \u010das\u016f ml\u00e1d\u00ed usedlosti Kodymky valili o\u010di<br>Spole\u010dn\u00fd koncert japonsk\u00e9 a evropsk\u00e9 hudby<br>Akiko Wada \u2013 koto<br>Jindra \u010cern\u00e1 \u2013 flauto traverso alias baruha\u010di<\/p>\n<\/div>\n\n\n\n<div class=\"wp-block-column is-layout-flow wp-block-column-is-layout-flow\" style=\"flex-basis:33.33%\">\n<div data-wp-interactive=\"core\/file\" class=\"wp-block-file\"><object data-wp-bind--hidden=\"!state.hasPdfPreview\" hidden class=\"wp-block-file__embed\" data=\"https:\/\/www.temperament430.cz\/wp-content\/uploads\/2022\/01\/4-2.pdf\" type=\"application\/pdf\" style=\"width:100%;height:500px\" aria-label=\"Vlo\u017eit z Vlo\u017eit z 4-2..\"><\/object><a id=\"wp-block-file--media-0d16c2f0-dcc3-4de2-b32e-aa080a2584ee\" href=\"https:\/\/www.temperament430.cz\/wp-content\/uploads\/2022\/01\/4-2.pdf\">4-2<\/a><a href=\"https:\/\/www.temperament430.cz\/wp-content\/uploads\/2022\/01\/4-2.pdf\" class=\"wp-block-file__button\" download aria-describedby=\"wp-block-file--media-0d16c2f0-dcc3-4de2-b32e-aa080a2584ee\"><\/a><\/div>\n<\/div>\n<\/div>\n\n\n\n<div style=\"height:220px\" aria-hidden=\"true\" class=\"wp-block-spacer\"><\/div>\n\n\n\n<hr class=\"wp-block-separator has-text-color has-background has-black-background-color has-black-color is-style-wide\"\/>\n\n\n\n<div class=\"wp-block-columns is-layout-flex wp-container-core-columns-is-layout-9d6595d7 wp-block-columns-is-layout-flex\">\n<div class=\"wp-block-column is-layout-flow wp-block-column-is-layout-flow\" style=\"flex-basis:66.66%\">\n<p>23. 8. 2015, 17.00 hodin<br>Rezidence Ryt\u00ed\u0159sk\u00e9ho \u0159\u00e1du K\u0159i\u017eovn\u00edk\u016f<br>s \u010dervenou hv\u011bzdou<br>Dob\u0159ichovice<\/p>\n\n\n\n<p>Festival Musica viva 2014<br>Fl\u00e9tna a Fagot<br>Za dobrodru\u017estv\u00edm do divok\u00fdch kon\u010din baroka aklasicismu<br>s pu\u0161kou henryovkou, medv\u011bdobijcem a dv\u011bma tlapami,<br>co zkrot\u00ed 183 p\u00ed\u0161\u0165al<\/p>\n\n\n\n<p>Jindra \u010cern\u00e1 \u2013 flauto traverso, Petr Bud\u00edn \u2013 barokn\u00ed fagot,<br>Ji\u0159ina Dvo\u0159\u00e1kov\u00e1-Mare\u0161ov\u00e1 \u2013 varhann\u00ed positiv<\/p>\n<\/div>\n\n\n\n<div class=\"wp-block-column is-layout-flow wp-block-column-is-layout-flow\" style=\"flex-basis:33.33%\"><\/div>\n<\/div>\n\n\n\n<hr class=\"wp-block-separator has-text-color has-background has-black-background-color has-black-color is-style-wide\"\/>\n\n\n\n<div class=\"wp-block-columns is-layout-flex wp-container-core-columns-is-layout-9d6595d7 wp-block-columns-is-layout-flex\">\n<div class=\"wp-block-column is-layout-flow wp-block-column-is-layout-flow\" style=\"flex-basis:66.66%\">\n<p>6. 9. 2015<br>z\u00e1mek Pr\u016fhonice<\/p>\n\n\n\n<p>Festival A-fest<br>Akademick\u00fd multi\u017e\u00e1nrov\u00fd hudebn\u00ed festival<br>jako sou\u010d\u00e1st oslav 125. v\u00fdro\u010d\u00ed zalo\u017een\u00ed \u010cesk\u00e9 akademie Franti\u0161ka Josefa pro v\u011bdy, slovesnost a um\u011bn\u00ed<br>Isabella Shaw \u2013 mezzosopr\u00e1n, Jindra \u010cern\u00e1 \u2013 flauto traverso<br>Blanka Hemel\u00edkov\u00e1 \u2013 housle, Jakub Michl \u2013 viola da gamba<br>Ji\u0159ina Dvo\u0159\u00e1kov\u00e1-Mare\u0161ov\u00e1 \u2013 varhann\u00ed positiv<\/p>\n<\/div>\n\n\n\n<div class=\"wp-block-column is-layout-flow wp-block-column-is-layout-flow\" style=\"flex-basis:33.33%\"><\/div>\n<\/div>\n\n\n\n<hr class=\"wp-block-separator has-text-color has-background has-black-background-color has-black-color is-style-wide\"\/>\n\n\n\n<div class=\"wp-block-columns is-layout-flex wp-container-core-columns-is-layout-9d6595d7 wp-block-columns-is-layout-flex\">\n<div class=\"wp-block-column is-layout-flow wp-block-column-is-layout-flow\" style=\"flex-basis:66.66%\">\n<p>19. 9. 2015, 18.00 hodin<br>Kostel sv. Mikul\u00e1\u0161e, Mal\u00e1 Strana, Praha<\/p>\n\n\n\n<p>Johann Sebastian Bach<br>Kant\u00e1ta \u201eIch bin vergn\u00fcgt mit meinem Gl\u00fccke\u201c, BWV 84<br>Braniborsk\u00fd koncert \u010d. 5, BWV 1050<br>Kant\u00e1ta \u201eIch habe genug\u201c, BWV 82<br>Irena Troupov\u00e1 \u2013 sopr\u00e1n, Jindra \u010cern\u00e1 \u2013 flauto traverso<br>V\u00edt Nermut, Viktor Maz\u00e1\u010dek \u2013 housle, Karol\u00edna \u010cern\u00e1 \u2013 viola<br>Ond\u0159ej Michal \u2013 violoncello, Luk\u00e1\u0161 Vendl \u2013 cembalo<\/p>\n<\/div>\n\n\n\n<div class=\"wp-block-column is-layout-flow wp-block-column-is-layout-flow\" style=\"flex-basis:33.33%\"><\/div>\n<\/div>\n\n\n\n<hr class=\"wp-block-separator has-text-color has-background has-black-background-color has-black-color is-style-wide\"\/>\n\n\n\n<div class=\"wp-block-columns is-layout-flex wp-container-core-columns-is-layout-9d6595d7 wp-block-columns-is-layout-flex\">\n<div class=\"wp-block-column is-layout-flow wp-block-column-is-layout-flow\" style=\"flex-basis:66.66%\">\n<p>7. 10. 2015, 19.30 hodin<br>Galerie Art Space, \u0158et\u011bzov\u00e1 7, Praha 1<\/p>\n\n\n\n<p>Vivat Telemann<br>Isabella Shaw \u2013 mezzosopr\u00e1n<br>Jindra \u010cern\u00e1 \u2013 flauto traverso, Jakub Michl \u2013 viola da gamba<br>Ji\u0159ina Dvo\u0159\u00e1kov\u00e1-Mare\u0161ov\u00e1 \u2013 varhann\u00ed positiv<\/p>\n<\/div>\n\n\n\n<div class=\"wp-block-column is-layout-flow wp-block-column-is-layout-flow\" style=\"flex-basis:33.33%\">\n<div data-wp-interactive=\"core\/file\" class=\"wp-block-file\"><object data-wp-bind--hidden=\"!state.hasPdfPreview\" hidden class=\"wp-block-file__embed\" data=\"https:\/\/www.temperament430.cz\/wp-content\/uploads\/2022\/01\/8-2.pdf\" type=\"application\/pdf\" style=\"width:100%;height:500px\" aria-label=\"Vlo\u017eit z Vlo\u017eit z 8-2..\"><\/object><a id=\"wp-block-file--media-dd2c663f-ec22-46d0-87ce-97b49d7450a5\" href=\"https:\/\/www.temperament430.cz\/wp-content\/uploads\/2022\/01\/8-2.pdf\">8-2<\/a><a href=\"https:\/\/www.temperament430.cz\/wp-content\/uploads\/2022\/01\/8-2.pdf\" class=\"wp-block-file__button\" download aria-describedby=\"wp-block-file--media-dd2c663f-ec22-46d0-87ce-97b49d7450a5\"><\/a><\/div>\n<\/div>\n<\/div>\n\n\n\n<div style=\"height:262px\" aria-hidden=\"true\" class=\"wp-block-spacer\"><\/div>\n\n\n\n<hr class=\"wp-block-separator has-text-color has-background has-black-background-color has-black-color is-style-wide\"\/>\n\n\n\n<div class=\"wp-block-columns is-layout-flex wp-container-core-columns-is-layout-9d6595d7 wp-block-columns-is-layout-flex\">\n<div class=\"wp-block-column is-layout-flow wp-block-column-is-layout-flow\" style=\"flex-basis:66.66%\">\n<p>7. 10. 2015, 19.30 hodin<br>Galerie Art Space, \u0158et\u011bzov\u00e1 7, Praha 1<\/p>\n\n\n\n<p>Cestou k romantismu<br>Komorn\u00ed tria, kvartety a kvintety Franze Danziho a Ferdinanda Riese<br>Jindra \u010cern\u00e1 \u2013 flauto traverso, Jan Si\u0159\u00ednek \u2013 housle<br>Kate\u0159ina Trnavsk\u00e1 \u2013 viola, Karol\u00edna \u010cern\u00e1 \u2013 viola<br>Helena Maty\u00e1\u0161ov\u00e1 \u2013 violoncello<\/p>\n<\/div>\n\n\n\n<div class=\"wp-block-column is-layout-flow wp-block-column-is-layout-flow\" style=\"flex-basis:33.33%\">\n<div data-wp-interactive=\"core\/file\" class=\"wp-block-file\"><object data-wp-bind--hidden=\"!state.hasPdfPreview\" hidden class=\"wp-block-file__embed\" data=\"https:\/\/www.temperament430.cz\/wp-content\/uploads\/2022\/01\/9-1.pdf\" type=\"application\/pdf\" style=\"width:100%;height:500px\" aria-label=\"Vlo\u017eit z Vlo\u017eit z 9-1..\"><\/object><a id=\"wp-block-file--media-c348f251-0b41-4b8b-9f25-9b8769933a32\" href=\"https:\/\/www.temperament430.cz\/wp-content\/uploads\/2022\/01\/9-1.pdf\">9-1<\/a><a href=\"https:\/\/www.temperament430.cz\/wp-content\/uploads\/2022\/01\/9-1.pdf\" class=\"wp-block-file__button\" download aria-describedby=\"wp-block-file--media-c348f251-0b41-4b8b-9f25-9b8769933a32\"><\/a><\/div>\n<\/div>\n<\/div>\n\n\n\n<div style=\"height:220px\" aria-hidden=\"true\" class=\"wp-block-spacer\"><\/div>\n\n\n\n<hr class=\"wp-block-separator has-text-color has-background has-black-background-color has-black-color is-style-wide\"\/>\n\n\n\n<div class=\"wp-block-columns is-layout-flex wp-container-core-columns-is-layout-9d6595d7 wp-block-columns-is-layout-flex\">\n<div class=\"wp-block-column is-layout-flow wp-block-column-is-layout-flow\" style=\"flex-basis:66.66%\">\n<p>15. 12. 2015, 18.00 hodin<br>D\u011btsk\u00fd klub Kodymka<br>Na Fi\u0161erce 19, Praha 6<\/p>\n\n\n\n<p>Fl\u00e9tna a koto<br>Tradi\u010dn\u00ed, soudob\u00e1 i netradi\u010dn\u00ed \u010desk\u00e1 a japonsk\u00e1 hudba<br>Akiko Wada \u2013 koto, Jindra \u010cern\u00e1 \u2013 flauto travers<\/p>\n<\/div>\n\n\n\n<div class=\"wp-block-column is-layout-flow wp-block-column-is-layout-flow\" style=\"flex-basis:33.33%\">\n<div data-wp-interactive=\"core\/file\" class=\"wp-block-file\"><object data-wp-bind--hidden=\"!state.hasPdfPreview\" hidden class=\"wp-block-file__embed\" data=\"https:\/\/www.temperament430.cz\/wp-content\/uploads\/2022\/01\/10-3.pdf\" type=\"application\/pdf\" style=\"width:100%;height:500px\" aria-label=\"Vlo\u017eit z Vlo\u017eit z 10-3..\"><\/object><a id=\"wp-block-file--media-9fb98491-161e-4dc0-9c26-0fda14a416f4\" href=\"https:\/\/www.temperament430.cz\/wp-content\/uploads\/2022\/01\/10-3.pdf\">10-3<\/a><a href=\"https:\/\/www.temperament430.cz\/wp-content\/uploads\/2022\/01\/10-3.pdf\" class=\"wp-block-file__button\" download aria-describedby=\"wp-block-file--media-9fb98491-161e-4dc0-9c26-0fda14a416f4\"><\/a><\/div>\n<\/div>\n<\/div>\n\n\n\n<div style=\"height:258px\" aria-hidden=\"true\" class=\"wp-block-spacer\"><\/div>\n\n\n\n<hr class=\"wp-block-separator has-text-color has-background has-black-background-color has-black-color is-style-wide\"\/>\n\n\n\n<div class=\"wp-block-columns is-layout-flex wp-container-core-columns-is-layout-9d6595d7 wp-block-columns-is-layout-flex\">\n<div class=\"wp-block-column is-layout-flow wp-block-column-is-layout-flow\" style=\"flex-basis:66.66%\">\n<p>20. 12. 2015, 19.30 hodin<br>Galerie Art Space, \u0158et\u011bzov\u00e1 7, Praha 1<\/p>\n\n\n\n<p>Jan Jakub<br>Ryba na V\u00e1noce<br>Koncert slavnostn\u011bj\u0161\u00ed k poct\u011b Jakuba Jana Ryby,<br>dvojv\u00fdro\u010dn\u00edho jubilanta v roce 2015<br>Zazn\u011bla jeho muzika komorn\u00ed, a to nejen v\u00e1no\u010dn\u00ed,<br>t\u00e9\u017e hudba Haydnova a Mozartova,<br>kterou Jakub Jan sl\u00fdch\u00e1val v Praze,<br>jako\u017e i \u010dten\u00ed z jeho u\u010debnice um\u011bn\u00ed hudebn\u00edho<br>Helena Pellarov\u00e1 \u2013 sopr\u00e1n, Jindra \u010cern\u00e1 \u2013 flauto traverso<br>Jan Si\u0159\u00ednek \u2013 housle, Magdal\u00e9na Mal\u00e1 \u2013 viola<br>Helena Maty\u00e1\u0161ov\u00e1 \u2013 violoncello, Luk\u00e1\u0161 Vendl\u2013 cembalo<\/p>\n<\/div>\n\n\n\n<div class=\"wp-block-column is-layout-flow wp-block-column-is-layout-flow\" style=\"flex-basis:33.33%\">\n<div data-wp-interactive=\"core\/file\" class=\"wp-block-file\"><object data-wp-bind--hidden=\"!state.hasPdfPreview\" hidden class=\"wp-block-file__embed\" data=\"https:\/\/www.temperament430.cz\/wp-content\/uploads\/2022\/01\/11-2.pdf\" type=\"application\/pdf\" style=\"width:100%;height:500px\" aria-label=\"Vlo\u017eit z Vlo\u017eit z 11-2..\"><\/object><a id=\"wp-block-file--media-a64dbc13-3390-439a-b8e5-d297415400bf\" href=\"https:\/\/www.temperament430.cz\/wp-content\/uploads\/2022\/01\/11-2.pdf\">11-2<\/a><a href=\"https:\/\/www.temperament430.cz\/wp-content\/uploads\/2022\/01\/11-2.pdf\" class=\"wp-block-file__button\" download aria-describedby=\"wp-block-file--media-a64dbc13-3390-439a-b8e5-d297415400bf\"><\/a><\/div>\n<\/div>\n<\/div>\n","protected":false},"excerpt":{"rendered":"<p>18. 3. 2015, 19.30 hodinGalerie Art Space, \u0158et\u011bzov\u00e1 7, Praha 1 Beehoven \u2013 Rejcha \u2013 Ries\u010dili hudba 100 let p\u0159ed<a href=\"https:\/\/www.temperament430.cz\/?page_id=96\" class=\"more-link\"><span class=\"readmore\">Continue reading<span class=\"screen-reader-text\">2015<\/span><\/span><\/a><\/p>\n","protected":false},"author":1,"featured_media":0,"parent":0,"menu_order":0,"comment_status":"closed","ping_status":"closed","template":"","meta":{"footnotes":""},"folder":[5],"class_list":["post-96","page","type-page","status-publish","hentry"],"_links":{"self":[{"href":"https:\/\/www.temperament430.cz\/index.php?rest_route=\/wp\/v2\/pages\/96","targetHints":{"allow":["GET"]}}],"collection":[{"href":"https:\/\/www.temperament430.cz\/index.php?rest_route=\/wp\/v2\/pages"}],"about":[{"href":"https:\/\/www.temperament430.cz\/index.php?rest_route=\/wp\/v2\/types\/page"}],"author":[{"embeddable":true,"href":"https:\/\/www.temperament430.cz\/index.php?rest_route=\/wp\/v2\/users\/1"}],"replies":[{"embeddable":true,"href":"https:\/\/www.temperament430.cz\/index.php?rest_route=%2Fwp%2Fv2%2Fcomments&post=96"}],"version-history":[{"count":7,"href":"https:\/\/www.temperament430.cz\/index.php?rest_route=\/wp\/v2\/pages\/96\/revisions"}],"predecessor-version":[{"id":458,"href":"https:\/\/www.temperament430.cz\/index.php?rest_route=\/wp\/v2\/pages\/96\/revisions\/458"}],"wp:attachment":[{"href":"https:\/\/www.temperament430.cz\/index.php?rest_route=%2Fwp%2Fv2%2Fmedia&parent=96"}],"wp:term":[{"taxonomy":"folder","embeddable":true,"href":"https:\/\/www.temperament430.cz\/index.php?rest_route=%2Fwp%2Fv2%2Ffolder&post=96"}],"curies":[{"name":"wp","href":"https:\/\/api.w.org\/{rel}","templated":true}]}}