{"id":94,"date":"2021-12-13T19:43:37","date_gmt":"2021-12-13T19:43:37","guid":{"rendered":"https:\/\/www.temperament430.cz\/?page_id=94"},"modified":"2022-01-30T11:01:22","modified_gmt":"2022-01-30T11:01:22","slug":"2013-probehle-koncerty","status":"publish","type":"page","link":"https:\/\/www.temperament430.cz\/?page_id=94","title":{"rendered":"2013"},"content":{"rendered":"\n<div class=\"wp-block-columns is-layout-flex wp-container-core-columns-is-layout-9d6595d7 wp-block-columns-is-layout-flex\">\n<div class=\"wp-block-column is-layout-flow wp-block-column-is-layout-flow\" style=\"flex-basis:66.66%\">\n<p>7. 2. 2013, 19.30 hodin<br>Galerie Art Space, \u0158et\u011bzov\u00e1 7, Praha 1<\/p>\n\n\n\n<p>Na Hromnice o hodinu dobr\u00e9 hudby v\u00edce<br>J. Haydn , W. A. Mozart, L. van Beethoven<br>Jindra \u010cern\u00e1 \u2013 flauto traverso<br>Jan Si\u0159\u00ednek \u2013 housle<br>Kate\u0159ina Trnavsk\u00e1 \u2013 viola<br>Jakub Michl \u2013 violoncello<\/p>\n<\/div>\n\n\n\n<div class=\"wp-block-column is-layout-flow wp-block-column-is-layout-flow\" style=\"flex-basis:33.33%\">\n<div data-wp-interactive=\"core\/file\" class=\"wp-block-file\"><object data-wp-bind--hidden=\"!state.hasPdfPreview\" hidden class=\"wp-block-file__embed\" data=\"https:\/\/www.temperament430.cz\/wp-content\/uploads\/2022\/01\/1-1.pdf\" type=\"application\/pdf\" style=\"width:100%;height:480px\" aria-label=\"Vlo\u017eit z Vlo\u017eit z 1-1..\"><\/object><a id=\"wp-block-file--media-c95bce53-1f92-4d5f-8ce7-efded71a0ca7\" href=\"https:\/\/www.temperament430.cz\/wp-content\/uploads\/2022\/01\/1-1.pdf\">1-1<\/a><a href=\"https:\/\/www.temperament430.cz\/wp-content\/uploads\/2022\/01\/1-1.pdf\" class=\"wp-block-file__button\" download aria-describedby=\"wp-block-file--media-c95bce53-1f92-4d5f-8ce7-efded71a0ca7\">St\u00e1hnout<\/a><\/div>\n<\/div>\n<\/div>\n\n\n\n<div style=\"height:200px\" aria-hidden=\"true\" class=\"wp-block-spacer\"><\/div>\n\n\n\n<hr class=\"wp-block-separator has-text-color has-background has-black-background-color has-black-color is-style-wide\"\/>\n\n\n\n<div class=\"wp-block-columns is-layout-flex wp-container-core-columns-is-layout-9d6595d7 wp-block-columns-is-layout-flex\">\n<div class=\"wp-block-column is-layout-flow wp-block-column-is-layout-flow\" style=\"flex-basis:66.66%\">\n<p>13. 3. 2013, 19.30 hodin<br>Galerie Art Space, \u0158et\u011bzov\u00e1 7, Praha 1<\/p>\n\n\n\n<p>Ve\u010der s francouzsk\u00fdm barokem<br>J. J. Hotteterre, M. Blavet, J. Morel, M. Marais<br>Jindra \u010cern\u00e1 \u2013 \ufb02auto traverso<br>Katalin Ertsey \u2013 theorba<br>Jakub Michl \u2013 viola da gamba<\/p>\n<\/div>\n\n\n\n<div class=\"wp-block-column is-layout-flow wp-block-column-is-layout-flow\" style=\"flex-basis:33.33%\">\n<div data-wp-interactive=\"core\/file\" class=\"wp-block-file\"><object data-wp-bind--hidden=\"!state.hasPdfPreview\" hidden class=\"wp-block-file__embed\" data=\"https:\/\/www.temperament430.cz\/wp-content\/uploads\/2022\/01\/2-1.pdf\" type=\"application\/pdf\" style=\"width:100%;height:480px\" aria-label=\"Vlo\u017eit z Vlo\u017eit z 2-1..\"><\/object><a id=\"wp-block-file--media-29f51831-acad-47a6-8e3f-8db2b3da7092\" href=\"https:\/\/www.temperament430.cz\/wp-content\/uploads\/2022\/01\/2-1.pdf\">2-1<\/a><a href=\"https:\/\/www.temperament430.cz\/wp-content\/uploads\/2022\/01\/2-1.pdf\" class=\"wp-block-file__button\" download aria-describedby=\"wp-block-file--media-29f51831-acad-47a6-8e3f-8db2b3da7092\">St\u00e1hnout<\/a><\/div>\n<\/div>\n<\/div>\n\n\n\n<div style=\"height:200px\" aria-hidden=\"true\" class=\"wp-block-spacer\"><\/div>\n\n\n\n<hr class=\"wp-block-separator has-text-color has-background has-black-background-color has-black-color is-style-wide\"\/>\n\n\n\n<div class=\"wp-block-columns is-layout-flex wp-container-core-columns-is-layout-9d6595d7 wp-block-columns-is-layout-flex\">\n<div class=\"wp-block-column is-layout-flow wp-block-column-is-layout-flow\" style=\"flex-basis:66.66%\">\n<p>16. 4. 2013, 19.30 hodin<br>Galerie Art Space, \u0158et\u011bzov\u00e1 7, Praha 1<\/p>\n\n\n\n<p>\u201ePt\u00e1ci jsou na H\u00e4ndela kr\u00e1tc\u00ed\u201c<br>G. F. H\u00e4ndel, A. Vivaldi, J. S. Bach<br>Helena Pellarov\u00e1 \u2013 sopr\u00e1n<br>Jindra \u010cern\u00e1 \u2013 \ufb02auto traverso<br>Luk\u00e1\u0161 Vendl \u2013 cembalo<\/p>\n<\/div>\n\n\n\n<div class=\"wp-block-column is-layout-flow wp-block-column-is-layout-flow\" style=\"flex-basis:33.33%\">\n<div data-wp-interactive=\"core\/file\" class=\"wp-block-file\"><object data-wp-bind--hidden=\"!state.hasPdfPreview\" hidden class=\"wp-block-file__embed\" data=\"https:\/\/www.temperament430.cz\/wp-content\/uploads\/2022\/01\/3-1.pdf\" type=\"application\/pdf\" style=\"width:100%;height:480px\" aria-label=\"Vlo\u017eit z Vlo\u017eit z 3-1..\"><\/object><a id=\"wp-block-file--media-a37ad6a1-7b10-4719-b3ae-84193b258d45\" href=\"https:\/\/www.temperament430.cz\/wp-content\/uploads\/2022\/01\/3-1.pdf\">3-1<\/a><a href=\"https:\/\/www.temperament430.cz\/wp-content\/uploads\/2022\/01\/3-1.pdf\" class=\"wp-block-file__button\" download aria-describedby=\"wp-block-file--media-a37ad6a1-7b10-4719-b3ae-84193b258d45\"><\/a><\/div>\n<\/div>\n<\/div>\n\n\n\n<div style=\"height:200px\" aria-hidden=\"true\" class=\"wp-block-spacer\"><\/div>\n\n\n\n<hr class=\"wp-block-separator has-text-color has-background has-black-background-color has-black-color is-style-wide\"\/>\n\n\n\n<div class=\"wp-block-columns is-layout-flex wp-container-core-columns-is-layout-9d6595d7 wp-block-columns-is-layout-flex\">\n<div class=\"wp-block-column is-layout-flow wp-block-column-is-layout-flow\" style=\"flex-basis:66.66%\">\n<p>23. 5. 2013, 19.30 hodin<br>Galerie Art Space, \u0158et\u011bzov\u00e1 7, Praha 1<br>Kr\u00e1sn\u00e1 hudba nezn\u00e1m\u00fdch \u010cech\u016f a Kontrabas<br>J. W. Spourni , J. Sperger<br>V. J\u00edrovec , J. Myslive\u010dek<br>Jindra \u010cern\u00e1 \u2013 flauto traverso<br>Jan Si\u0159\u00ednek \u2013 housle<br>Kate\u0159ina Trnavsk\u00e1 \u2013 housle, viola<br>Jan Novotn\u00fd \u2013 kontrabas<br>Barbora \u0160abartov\u00e1 \u2013 \u010dten\u00ed<\/p>\n<\/div>\n\n\n\n<div class=\"wp-block-column is-layout-flow wp-block-column-is-layout-flow\" style=\"flex-basis:33.33%\">\n<div data-wp-interactive=\"core\/file\" class=\"wp-block-file\"><object data-wp-bind--hidden=\"!state.hasPdfPreview\" hidden class=\"wp-block-file__embed\" data=\"https:\/\/www.temperament430.cz\/wp-content\/uploads\/2022\/01\/4-1.pdf\" type=\"application\/pdf\" style=\"width:100%;height:480px\" aria-label=\"Vlo\u017eit z Vlo\u017eit z 4-1..\"><\/object><a id=\"wp-block-file--media-bf86b5dd-82b4-4fca-b99c-24e2c9d99465\" href=\"https:\/\/www.temperament430.cz\/wp-content\/uploads\/2022\/01\/4-1.pdf\">4-1<\/a><a href=\"https:\/\/www.temperament430.cz\/wp-content\/uploads\/2022\/01\/4-1.pdf\" class=\"wp-block-file__button\" download aria-describedby=\"wp-block-file--media-bf86b5dd-82b4-4fca-b99c-24e2c9d99465\"><\/a><\/div>\n<\/div>\n<\/div>\n\n\n\n<div style=\"height:200px\" aria-hidden=\"true\" class=\"wp-block-spacer\"><\/div>\n\n\n\n<hr class=\"wp-block-separator has-text-color has-background has-black-background-color has-black-color is-style-wide\"\/>\n\n\n\n<div class=\"wp-block-columns is-layout-flex wp-container-core-columns-is-layout-9d6595d7 wp-block-columns-is-layout-flex\">\n<div class=\"wp-block-column is-layout-flow wp-block-column-is-layout-flow\" style=\"flex-basis:66.66%\">\n<p>26. 5. 2013, 15.30 hodin<br>Kostel sv. Kate\u0159iny, Chote\u010d<\/p>\n\n\n\n<p>G. Ph. Telemann, G. F. H\u00e4ndel, J. S. Bach<br>Irena Troupov\u00e1 \u2013 sopr\u00e1n<br>Jindra \u010cern\u00e1 \u2013 flauto traverso<br>Jan Si\u0159\u00ednek \u2013 housle<br>Luk\u00e1\u0161 Vendl \u2013 cembalo<\/p>\n<\/div>\n\n\n\n<div class=\"wp-block-column is-layout-flow wp-block-column-is-layout-flow\" style=\"flex-basis:33.33%\"><\/div>\n<\/div>\n\n\n\n<hr class=\"wp-block-separator has-text-color has-background has-black-background-color has-black-color is-style-wide\"\/>\n\n\n\n<div class=\"wp-block-columns is-layout-flex wp-container-core-columns-is-layout-9d6595d7 wp-block-columns-is-layout-flex\">\n<div class=\"wp-block-column is-layout-flow wp-block-column-is-layout-flow\" style=\"flex-basis:66.66%\">\n<p>12. 6. 2013, 19.30 hodin<br>Galerie Art Space, \u0158et\u011bzov\u00e1 7, Praha 1<\/p>\n\n\n\n<p>Fl\u00e9tnov\u00e1n\u00ed pro l\u00e9ta uv\u00edt\u00e1n\u00ed<br>Joseph Haydn, Georg Philipp Telemann<br>Godfrey Keller, Johann Joachim Quantz<br>Jindra \u010cern\u00e1 \u2013 flauto traverso<br>Martina Bern\u00e1\u0161kov\u00e1 \u2013 flauto traverso<br>Jakub Michl \u2013 viola da gamba<\/p>\n<\/div>\n\n\n\n<div class=\"wp-block-column is-layout-flow wp-block-column-is-layout-flow\" style=\"flex-basis:33.33%\">\n<div data-wp-interactive=\"core\/file\" class=\"wp-block-file\"><object data-wp-bind--hidden=\"!state.hasPdfPreview\" hidden class=\"wp-block-file__embed\" data=\"https:\/\/www.temperament430.cz\/wp-content\/uploads\/2022\/01\/6.pdf\" type=\"application\/pdf\" style=\"width:100%;height:480px\" aria-label=\"Vlo\u017eit z Vlo\u017eit z 6..\"><\/object><a id=\"wp-block-file--media-953b93e0-d7bc-44b3-88f3-e8b295a04825\" href=\"https:\/\/www.temperament430.cz\/wp-content\/uploads\/2022\/01\/6.pdf\">6<\/a><a href=\"https:\/\/www.temperament430.cz\/wp-content\/uploads\/2022\/01\/6.pdf\" class=\"wp-block-file__button\" download aria-describedby=\"wp-block-file--media-953b93e0-d7bc-44b3-88f3-e8b295a04825\"><\/a><\/div>\n<\/div>\n<\/div>\n\n\n\n<div style=\"height:200px\" aria-hidden=\"true\" class=\"wp-block-spacer\"><\/div>\n\n\n\n<hr class=\"wp-block-separator has-text-color has-background has-black-background-color has-black-color is-style-wide\"\/>\n\n\n\n<div class=\"wp-block-columns is-layout-flex wp-container-core-columns-is-layout-9d6595d7 wp-block-columns-is-layout-flex\">\n<div class=\"wp-block-column is-layout-flow wp-block-column-is-layout-flow\" style=\"flex-basis:66.66%\">\n<p>17. 6. 2013<br>Sklen\u00edk Botanick\u00e9 zahrady P\u0159\u00edrodov\u011bdeck\u00e9 fakulty Univerzity Karlovy, Na Slupi 16, Praha 2<\/p>\n\n\n\n<p>Konference SCERIN<br>J. Haydn, M. Blavet, C. F. Abel, G. Keller,<br>J. J. Quantz, M. P. de Mont\u00e9clair, T. Hume,<br>Jazzy duets for two flutes<br>Jindra \u010cern\u00e1 \u2013 flauto traverso<br>Martina Bern\u00e1\u0161kov\u00e1 \u2013 flauto traverso<br>Jakub Michl \u2013 viola da gamba<\/p>\n<\/div>\n\n\n\n<div class=\"wp-block-column is-layout-flow wp-block-column-is-layout-flow\" style=\"flex-basis:33.33%\"><\/div>\n<\/div>\n\n\n\n<hr class=\"wp-block-separator has-text-color has-background has-black-background-color has-black-color is-style-wide\"\/>\n\n\n\n<div class=\"wp-block-columns is-layout-flex wp-container-core-columns-is-layout-9d6595d7 wp-block-columns-is-layout-flex\">\n<div class=\"wp-block-column is-layout-flow wp-block-column-is-layout-flow\" style=\"flex-basis:66.66%\">\n<p>13. 8. 2013, 19.00 hodin<br>Rezidence Ryt\u00ed\u0159sk\u00e9ho \u0159\u00e1du K\u0159i\u017eovn\u00edk\u016f<br>s \u010dervenou hv\u011bzdou<br>Dob\u0159ichovice<br>Festival Musica viva 2013<br>Komorn\u00ed hudba vrcholn\u00e9ho baroka<br>G. F. H\u00e4ndel, J. Pachelbel,<br>J. M. Hotteterre, G. Muffat,<br>M. Blavet, J. S. Bach<br>Jindra \u010cern\u00e1 \u2013 \ufb02auto traverso<br>Ji\u0159ina Dvo\u0159\u00e1kov\u00e1-Mare\u0161ov\u00e1 \u2013 varhann\u00ed positiv<\/p>\n<\/div>\n\n\n\n<div class=\"wp-block-column is-layout-flow wp-block-column-is-layout-flow\" style=\"flex-basis:33.33%\">\n<div data-wp-interactive=\"core\/file\" class=\"wp-block-file\"><object data-wp-bind--hidden=\"!state.hasPdfPreview\" hidden class=\"wp-block-file__embed\" data=\"https:\/\/www.temperament430.cz\/wp-content\/uploads\/2022\/01\/8-1.pdf\" type=\"application\/pdf\" style=\"width:100%;height:480px\" aria-label=\"Vlo\u017eit z Vlo\u017eit z 8-1..\"><\/object><a id=\"wp-block-file--media-d1a298ab-ed31-471b-ac42-34250163819f\" href=\"https:\/\/www.temperament430.cz\/wp-content\/uploads\/2022\/01\/8-1.pdf\">8-1<\/a><a href=\"https:\/\/www.temperament430.cz\/wp-content\/uploads\/2022\/01\/8-1.pdf\" class=\"wp-block-file__button\" download aria-describedby=\"wp-block-file--media-d1a298ab-ed31-471b-ac42-34250163819f\"><\/a><\/div>\n<\/div>\n<\/div>\n\n\n\n<div style=\"height:200px\" aria-hidden=\"true\" class=\"wp-block-spacer\"><\/div>\n\n\n\n<hr class=\"wp-block-separator has-text-color has-background has-black-background-color has-black-color is-style-wide\"\/>\n\n\n\n<div class=\"wp-block-columns is-layout-flex wp-container-core-columns-is-layout-9d6595d7 wp-block-columns-is-layout-flex\">\n<div class=\"wp-block-column is-layout-flow wp-block-column-is-layout-flow\" style=\"flex-basis:66.66%\">\n<p>2. 10. 2013, 17.30 hodin<br>D\u011btsk\u00fd klub Kodymka<br>Na Fi\u0161erce 19, Praha 6<\/p>\n\n\n\n<p><a href=\"http:\/\/kodymka.cz\/\">D\u011btsk\u00fd klub Kodymka<\/a><br>Hudba z b\u00e1je\u010dn\u00fdch \u010das\u016f,<br>kdy byla usedlost Kodymka je\u0161t\u011b mlad\u00e1<br>L. van Beethoven<br>Jindra \u010cern\u00e1 \u2013 flauto traverso<br>Jan Si\u0159\u00ednek \u2013 housle<br>Kate\u0159ina Trnavsk\u00e1 \u2013 viola<\/p>\n<\/div>\n\n\n\n<div class=\"wp-block-column is-layout-flow wp-block-column-is-layout-flow\" style=\"flex-basis:33.33%\">\n<figure class=\"wp-block-image size-full\"><img loading=\"lazy\" decoding=\"async\" width=\"368\" height=\"522\" src=\"http:\/\/www.temperament430.cz\/wp-content\/uploads\/2022\/01\/9.jpg\" alt=\"\" class=\"wp-image-389\" srcset=\"https:\/\/www.temperament430.cz\/wp-content\/uploads\/2022\/01\/9.jpg 368w, https:\/\/www.temperament430.cz\/wp-content\/uploads\/2022\/01\/9-211x300.jpg 211w\" sizes=\"auto, (max-width: 368px) 100vw, 368px\" \/><\/figure>\n<\/div>\n<\/div>\n\n\n\n<hr class=\"wp-block-separator has-text-color has-background has-black-background-color has-black-color is-style-wide\"\/>\n\n\n\n<div class=\"wp-block-columns is-layout-flex wp-container-core-columns-is-layout-9d6595d7 wp-block-columns-is-layout-flex\">\n<div class=\"wp-block-column is-layout-flow wp-block-column-is-layout-flow\" style=\"flex-basis:66.66%\">\n<p>16. 10. 2013, 19.30 hodin<br>Galerie Art Space, \u0158et\u011bzov\u00e1 7, Praha 1<\/p>\n\n\n\n<p>Sto let p\u0159ed vyn\u00e1lezem blues<br>Beethoven, Rejcha, Ries<br>Jindra \u010cern\u00e1 \u2013 flauto traverso<br>Jan Si\u0159\u00ednek \u2013 housle<br>Kate\u0159ina Trnavsk\u00e1 \u2013 viola<br>Helena Maty\u00e1\u0161ov\u00e1 \u2013 violoncello<\/p>\n<\/div>\n\n\n\n<div class=\"wp-block-column is-layout-flow wp-block-column-is-layout-flow\" style=\"flex-basis:33.33%\">\n<div data-wp-interactive=\"core\/file\" class=\"wp-block-file\"><object data-wp-bind--hidden=\"!state.hasPdfPreview\" hidden class=\"wp-block-file__embed\" data=\"https:\/\/www.temperament430.cz\/wp-content\/uploads\/2022\/01\/10-1.pdf\" type=\"application\/pdf\" style=\"width:100%;height:480px\" aria-label=\"Vlo\u017eit z Vlo\u017eit z 10-1..\"><\/object><a id=\"wp-block-file--media-8199b816-5b85-491f-9275-4cfe02e9605e\" href=\"https:\/\/www.temperament430.cz\/wp-content\/uploads\/2022\/01\/10-1.pdf\">10-1<\/a><a href=\"https:\/\/www.temperament430.cz\/wp-content\/uploads\/2022\/01\/10-1.pdf\" class=\"wp-block-file__button\" download aria-describedby=\"wp-block-file--media-8199b816-5b85-491f-9275-4cfe02e9605e\"><\/a><\/div>\n<\/div>\n<\/div>\n\n\n\n<div style=\"height:200px\" aria-hidden=\"true\" class=\"wp-block-spacer\"><\/div>\n\n\n\n<hr class=\"wp-block-separator has-text-color has-background has-black-background-color has-black-color is-style-wide\"\/>\n\n\n\n<div class=\"wp-block-columns is-layout-flex wp-container-core-columns-is-layout-9d6595d7 wp-block-columns-is-layout-flex\">\n<div class=\"wp-block-column is-layout-flow wp-block-column-is-layout-flow\" style=\"flex-basis:66.66%\">\n<p>19. 11. 2013, 19.30 hodin<br>Galerie Art Space, \u0158et\u011bzov\u00e1 7, Praha 1<\/p>\n\n\n\n<p>\u201eDivadlo podle m\u00f3dy\u201c<br>A. Vivaldi, B. Marcello<br>Barbora \u0160abartov\u00e1 \u2013 \u010dten\u00ed<br>Helena Pellarov\u00e1 \u2013 sopr\u00e1n<br>Jindra \u010cern\u00e1 \u2013 \ufb02auto traverso<br>Katalin Ertsey \u2013 theorba<br>Jakub Michl \u2013 viola da gamba<\/p>\n<\/div>\n\n\n\n<div class=\"wp-block-column is-layout-flow wp-block-column-is-layout-flow\" style=\"flex-basis:33.33%\">\n<div data-wp-interactive=\"core\/file\" class=\"wp-block-file\"><object data-wp-bind--hidden=\"!state.hasPdfPreview\" hidden class=\"wp-block-file__embed\" data=\"https:\/\/www.temperament430.cz\/wp-content\/uploads\/2022\/01\/11-1.pdf\" type=\"application\/pdf\" style=\"width:100%;height:480px\" aria-label=\"Vlo\u017eit z Vlo\u017eit z 11-1..\"><\/object><a id=\"wp-block-file--media-4681b6c8-40a7-43f4-82e7-c5010e68392e\" href=\"https:\/\/www.temperament430.cz\/wp-content\/uploads\/2022\/01\/11-1.pdf\">11-1<\/a><a href=\"https:\/\/www.temperament430.cz\/wp-content\/uploads\/2022\/01\/11-1.pdf\" class=\"wp-block-file__button\" download aria-describedby=\"wp-block-file--media-4681b6c8-40a7-43f4-82e7-c5010e68392e\"><\/a><\/div>\n<\/div>\n<\/div>\n\n\n\n<div style=\"height:200px\" aria-hidden=\"true\" class=\"wp-block-spacer\"><\/div>\n\n\n\n<hr class=\"wp-block-separator has-text-color has-background has-black-background-color has-black-color is-style-wide\"\/>\n\n\n\n<div class=\"wp-block-columns is-layout-flex wp-container-core-columns-is-layout-9d6595d7 wp-block-columns-is-layout-flex\">\n<div class=\"wp-block-column is-layout-flow wp-block-column-is-layout-flow\" style=\"flex-basis:66.66%\">\n<p>28. 11. 2013, 19.30 hodin<br>Divadlo K\u00e1men, Nekvasilova 2, Praha 8<br>Asi ani zahrada<\/p>\n\n\n\n<p>(p\u0159\u00edb\u011bh a koncert o zahradn\u00edch kr\u00e1terech<br>a l\u00e9taj\u00edc\u00edch p\u0159edm\u011btech t\u011b\u017e\u0161\u00edch ne\u017e vzduch)<br>J. S. Bach, G. F. H\u00e4ndel, C. F. Abel,<br>M. Blavet, M. Marais<br>Jindra \u010cern\u00e1 \u2013 \ufb02auto traverso<br>Jakub Michl \u2013 viola da gamba<\/p>\n\n\n\n<p><a href=\"https:\/\/www.divadlokamen.cz\/program.php\">Divadlo K\u00e1men<\/a><\/p>\n<\/div>\n\n\n\n<div class=\"wp-block-column is-layout-flow wp-block-column-is-layout-flow\" style=\"flex-basis:33.33%\"><\/div>\n<\/div>\n\n\n\n<hr class=\"wp-block-separator has-text-color has-background has-black-background-color has-black-color is-style-wide\"\/>\n\n\n\n<div class=\"wp-block-columns is-layout-flex wp-container-core-columns-is-layout-9d6595d7 wp-block-columns-is-layout-flex\">\n<div class=\"wp-block-column is-layout-flow wp-block-column-is-layout-flow\" style=\"flex-basis:66.66%\">\n<p>22. 12. 2013, 19.30 hodin<br>Galerie Art Space, \u0158et\u011bzov\u00e1 7, Praha 1<\/p>\n\n\n\n<p>\u00danik od koled<br>W. A. Mozart, A. Vivaldi, J. S. Bach<br>Helena Pellarov\u00e1 \u2013 sopr\u00e1n<br>Jindra \u010cern\u00e1 \u2013 flauto traverso<br>V\u00edt Nermut \u2013 housle<br>Luk\u00e1\u0161 Vendl \u2013 cembalo<\/p>\n<\/div>\n\n\n\n<div class=\"wp-block-column is-layout-flow wp-block-column-is-layout-flow\" style=\"flex-basis:33.33%\">\n<div data-wp-interactive=\"core\/file\" class=\"wp-block-file\"><object data-wp-bind--hidden=\"!state.hasPdfPreview\" hidden class=\"wp-block-file__embed\" data=\"https:\/\/www.temperament430.cz\/wp-content\/uploads\/2022\/01\/13-1.pdf\" type=\"application\/pdf\" style=\"width:100%;height:480px\" aria-label=\"Vlo\u017eit z Vlo\u017eit z 13-1..\"><\/object><a id=\"wp-block-file--media-1414f0d4-f607-4ab7-b4f4-8f4c58813a92\" href=\"https:\/\/www.temperament430.cz\/wp-content\/uploads\/2022\/01\/13-1.pdf\">13-1<\/a><a href=\"https:\/\/www.temperament430.cz\/wp-content\/uploads\/2022\/01\/13-1.pdf\" class=\"wp-block-file__button\" download aria-describedby=\"wp-block-file--media-1414f0d4-f607-4ab7-b4f4-8f4c58813a92\"><\/a><\/div>\n<\/div>\n<\/div>\n\n\n\n<p><\/p>\n","protected":false},"excerpt":{"rendered":"<p>7. 2. 2013, 19.30 hodinGalerie Art Space, \u0158et\u011bzov\u00e1 7, Praha 1 Na Hromnice o hodinu dobr\u00e9 hudby v\u00edceJ. Haydn ,<a href=\"https:\/\/www.temperament430.cz\/?page_id=94\" class=\"more-link\"><span class=\"readmore\">Continue reading<span class=\"screen-reader-text\">2013<\/span><\/span><\/a><\/p>\n","protected":false},"author":1,"featured_media":0,"parent":0,"menu_order":0,"comment_status":"closed","ping_status":"closed","template":"","meta":{"footnotes":""},"folder":[5],"class_list":["post-94","page","type-page","status-publish","hentry"],"_links":{"self":[{"href":"https:\/\/www.temperament430.cz\/index.php?rest_route=\/wp\/v2\/pages\/94","targetHints":{"allow":["GET"]}}],"collection":[{"href":"https:\/\/www.temperament430.cz\/index.php?rest_route=\/wp\/v2\/pages"}],"about":[{"href":"https:\/\/www.temperament430.cz\/index.php?rest_route=\/wp\/v2\/types\/page"}],"author":[{"embeddable":true,"href":"https:\/\/www.temperament430.cz\/index.php?rest_route=\/wp\/v2\/users\/1"}],"replies":[{"embeddable":true,"href":"https:\/\/www.temperament430.cz\/index.php?rest_route=%2Fwp%2Fv2%2Fcomments&post=94"}],"version-history":[{"count":20,"href":"https:\/\/www.temperament430.cz\/index.php?rest_route=\/wp\/v2\/pages\/94\/revisions"}],"predecessor-version":[{"id":453,"href":"https:\/\/www.temperament430.cz\/index.php?rest_route=\/wp\/v2\/pages\/94\/revisions\/453"}],"wp:attachment":[{"href":"https:\/\/www.temperament430.cz\/index.php?rest_route=%2Fwp%2Fv2%2Fmedia&parent=94"}],"wp:term":[{"taxonomy":"folder","embeddable":true,"href":"https:\/\/www.temperament430.cz\/index.php?rest_route=%2Fwp%2Fv2%2Ffolder&post=94"}],"curies":[{"name":"wp","href":"https:\/\/api.w.org\/{rel}","templated":true}]}}