{"id":87,"date":"2021-12-13T19:42:15","date_gmt":"2021-12-13T19:42:15","guid":{"rendered":"https:\/\/www.temperament430.cz\/?page_id=87"},"modified":"2022-11-27T00:09:49","modified_gmt":"2022-11-27T00:09:49","slug":"2018-foto","status":"publish","type":"page","link":"https:\/\/www.temperament430.cz\/?page_id=87","title":{"rendered":"2018"},"content":{"rendered":"\n<div class=\"wp-block-columns is-layout-flex wp-container-core-columns-is-layout-9d6595d7 wp-block-columns-is-layout-flex\"><\/div>\n\n\n\n<p>29.11.2018<br>Foto: Lucie Sedl\u00e1kov\u00e1 H\u016flov\u00e1<\/p>\n\n\n\n<div class=\"wp-block-columns is-layout-flex wp-container-core-columns-is-layout-9d6595d7 wp-block-columns-is-layout-flex\">\n<div class=\"wp-block-column is-layout-flow wp-block-column-is-layout-flow\"><div class=\"wp-block-image\">\n<figure class=\"aligncenter size-full\"><img loading=\"lazy\" decoding=\"async\" width=\"558\" height=\"314\" src=\"https:\/\/www.temperament430.cz\/wp-content\/uploads\/2022\/01\/25-1.jpg\" alt=\"\" class=\"wp-image-268\" srcset=\"https:\/\/www.temperament430.cz\/wp-content\/uploads\/2022\/01\/25-1.jpg 558w, https:\/\/www.temperament430.cz\/wp-content\/uploads\/2022\/01\/25-1-300x169.jpg 300w\" sizes=\"auto, (max-width: 558px) 100vw, 558px\" \/><\/figure>\n<\/div><\/div>\n\n\n\n<div class=\"wp-block-column is-layout-flow wp-block-column-is-layout-flow\"><div class=\"wp-block-image\">\n<figure class=\"aligncenter size-full\"><img loading=\"lazy\" decoding=\"async\" width=\"558\" height=\"314\" src=\"https:\/\/www.temperament430.cz\/wp-content\/uploads\/2022\/01\/25-2.jpg\" alt=\"\" class=\"wp-image-269\" srcset=\"https:\/\/www.temperament430.cz\/wp-content\/uploads\/2022\/01\/25-2.jpg 558w, https:\/\/www.temperament430.cz\/wp-content\/uploads\/2022\/01\/25-2-300x169.jpg 300w\" sizes=\"auto, (max-width: 558px) 100vw, 558px\" \/><\/figure>\n<\/div><\/div>\n<\/div>\n\n\n\n<div class=\"wp-block-columns is-layout-flex wp-container-core-columns-is-layout-9d6595d7 wp-block-columns-is-layout-flex\">\n<div class=\"wp-block-column is-layout-flow wp-block-column-is-layout-flow\"><div class=\"wp-block-image\">\n<figure class=\"aligncenter size-full\"><img loading=\"lazy\" decoding=\"async\" width=\"558\" height=\"314\" src=\"https:\/\/www.temperament430.cz\/wp-content\/uploads\/2022\/01\/25-3.jpg\" alt=\"\" class=\"wp-image-271\" srcset=\"https:\/\/www.temperament430.cz\/wp-content\/uploads\/2022\/01\/25-3.jpg 558w, https:\/\/www.temperament430.cz\/wp-content\/uploads\/2022\/01\/25-3-300x169.jpg 300w\" sizes=\"auto, (max-width: 558px) 100vw, 558px\" \/><\/figure>\n<\/div><\/div>\n\n\n\n<div class=\"wp-block-column is-layout-flow wp-block-column-is-layout-flow\"><div class=\"wp-block-image\">\n<figure class=\"aligncenter size-full is-resized\"><img decoding=\"async\" src=\"https:\/\/www.temperament430.cz\/wp-content\/uploads\/2022\/01\/25-4.jpg\" alt=\"\" class=\"wp-image-272\" width=\"-144\" height=\"-255\" srcset=\"https:\/\/www.temperament430.cz\/wp-content\/uploads\/2022\/01\/25-4.jpg 558w, https:\/\/www.temperament430.cz\/wp-content\/uploads\/2022\/01\/25-4-169x300.jpg 169w\" sizes=\"(max-width: 558px) 100vw, 558px\" \/><\/figure>\n<\/div><\/div>\n<\/div>\n\n\n<div class=\"wp-block-image\">\n<figure class=\"aligncenter size-full\"><img loading=\"lazy\" decoding=\"async\" width=\"558\" height=\"314\" src=\"https:\/\/www.temperament430.cz\/wp-content\/uploads\/2022\/01\/25-5.jpg\" alt=\"\" class=\"wp-image-273\" srcset=\"https:\/\/www.temperament430.cz\/wp-content\/uploads\/2022\/01\/25-5.jpg 558w, https:\/\/www.temperament430.cz\/wp-content\/uploads\/2022\/01\/25-5-300x169.jpg 300w\" sizes=\"auto, (max-width: 558px) 100vw, 558px\" \/><\/figure>\n<\/div>","protected":false},"excerpt":{"rendered":"<p>29.11.2018Foto: Lucie Sedl\u00e1kov\u00e1 H\u016flov\u00e1<\/p>\n","protected":false},"author":1,"featured_media":0,"parent":0,"menu_order":0,"comment_status":"closed","ping_status":"closed","template":"","meta":{"footnotes":""},"folder":[4],"class_list":["post-87","page","type-page","status-publish","hentry"],"_links":{"self":[{"href":"https:\/\/www.temperament430.cz\/index.php?rest_route=\/wp\/v2\/pages\/87","targetHints":{"allow":["GET"]}}],"collection":[{"href":"https:\/\/www.temperament430.cz\/index.php?rest_route=\/wp\/v2\/pages"}],"about":[{"href":"https:\/\/www.temperament430.cz\/index.php?rest_route=\/wp\/v2\/types\/page"}],"author":[{"embeddable":true,"href":"https:\/\/www.temperament430.cz\/index.php?rest_route=\/wp\/v2\/users\/1"}],"replies":[{"embeddable":true,"href":"https:\/\/www.temperament430.cz\/index.php?rest_route=%2Fwp%2Fv2%2Fcomments&post=87"}],"version-history":[{"count":6,"href":"https:\/\/www.temperament430.cz\/index.php?rest_route=\/wp\/v2\/pages\/87\/revisions"}],"predecessor-version":[{"id":682,"href":"https:\/\/www.temperament430.cz\/index.php?rest_route=\/wp\/v2\/pages\/87\/revisions\/682"}],"wp:attachment":[{"href":"https:\/\/www.temperament430.cz\/index.php?rest_route=%2Fwp%2Fv2%2Fmedia&parent=87"}],"wp:term":[{"taxonomy":"folder","embeddable":true,"href":"https:\/\/www.temperament430.cz\/index.php?rest_route=%2Fwp%2Fv2%2Ffolder&post=87"}],"curies":[{"name":"wp","href":"https:\/\/api.w.org\/{rel}","templated":true}]}}