{"id":44,"date":"2021-12-06T13:09:41","date_gmt":"2021-12-06T13:09:41","guid":{"rendered":"https:\/\/www.temperament430.cz\/?page_id=44"},"modified":"2022-01-30T11:27:27","modified_gmt":"2022-01-30T11:27:27","slug":"2020-3","status":"publish","type":"page","link":"https:\/\/www.temperament430.cz\/?page_id=44","title":{"rendered":"2020"},"content":{"rendered":"\n<div class=\"wp-block-columns is-layout-flex wp-container-core-columns-is-layout-9d6595d7 wp-block-columns-is-layout-flex\">\n<div class=\"wp-block-column is-layout-flow wp-block-column-is-layout-flow\" style=\"flex-basis:66.66%\">\n<p>&#8222;Harmonie Kj\u00f3ta a Prahy&#8220;<br>29.1.2020 v 19:30<br>galerie Art Space, \u0158et\u011bzov\u00e1 7, Praha 1<\/p>\n\n\n\n<p>&#8222;Harmonie Kj\u00f3ta a Prahy&#8220;<br>Jindra \u010cern\u00e1 (Praha) &#8211; flauto traverso alias baruha\u010di<br>Akiko Wada (Kj\u00f3to) &#8211; koto<br>Hudba dok\u00e1\u017ee neuv\u011b\u0159iteln\u00e9 v\u011bci. Harfa koto je tradi\u010dn\u00edm japonsk\u00fdm n\u00e1strojem, pro kter\u00fd ale<br>sou\u010dasn\u00ed japon\u0161t\u00ed i sv\u011btov\u00ed skladatel\u00e9 komponuj\u00ed nov\u00e9 skladby. A flauto traverso, evropsk\u00fd n\u00e1stroj<br>z doby baroka, dok\u00e1\u017ee velmi dob\u0159e souzn\u00edt s japonskou harfou. Um\u00ed nahradit tradi\u010dn\u00ed japonsk\u00e9<br>fl\u00e9tny \u0161akuha\u010di a nab\u00edz\u00ed p\u0159esah do dal\u0161\u00edch hudebn\u00edch barev a sv\u011bt\u016f.<br>Na koncert\u011b proto m\u016f\u017ee zazn\u00edvat jak tradi\u010dn\u00ed i modern\u00ed japonsk\u00e1 hudba, tak hudba evropsk\u00e9ho<br>baroka i p\u016fvabn\u00e9 \u00fapravy lidov\u00e9 hudby \u010desk\u00e9.<\/p>\n<\/div>\n\n\n\n<div class=\"wp-block-column is-layout-flow wp-block-column-is-layout-flow\" style=\"flex-basis:33.33%\">\n<div data-wp-interactive=\"core\/file\" class=\"wp-block-file\"><object data-wp-bind--hidden=\"!state.hasPdfPreview\" hidden class=\"wp-block-file__embed\" data=\"https:\/\/www.temperament430.cz\/wp-content\/uploads\/2022\/01\/1-4.pdf\" type=\"application\/pdf\" style=\"width:100%;height:500px\" aria-label=\"Vlo\u017eit z Vlo\u017eit z 1-4..\"><\/object><a id=\"wp-block-file--media-6e08216b-e725-475e-b7f1-d04a6ba1b89e\" href=\"https:\/\/www.temperament430.cz\/wp-content\/uploads\/2022\/01\/1-4.pdf\">1-4<\/a><a href=\"https:\/\/www.temperament430.cz\/wp-content\/uploads\/2022\/01\/1-4.pdf\" class=\"wp-block-file__button\" download aria-describedby=\"wp-block-file--media-6e08216b-e725-475e-b7f1-d04a6ba1b89e\">St\u00e1hnout<\/a><\/div>\n<\/div>\n<\/div>\n\n\n\n<div style=\"height:95px\" aria-hidden=\"true\" class=\"wp-block-spacer\"><\/div>\n","protected":false},"excerpt":{"rendered":"<p>&#8222;Harmonie Kj\u00f3ta a Prahy&#8220;29.1.2020 v 19:30galerie Art Space, \u0158et\u011bzov\u00e1 7, Praha 1 &#8222;Harmonie Kj\u00f3ta a Prahy&#8220;Jindra \u010cern\u00e1 (Praha) &#8211; flauto<a href=\"https:\/\/www.temperament430.cz\/?page_id=44\" class=\"more-link\"><span class=\"readmore\">Continue reading<span class=\"screen-reader-text\">2020<\/span><\/span><\/a><\/p>\n","protected":false},"author":1,"featured_media":0,"parent":0,"menu_order":0,"comment_status":"closed","ping_status":"closed","template":"","meta":{"footnotes":""},"folder":[5],"class_list":["post-44","page","type-page","status-publish","hentry"],"_links":{"self":[{"href":"https:\/\/www.temperament430.cz\/index.php?rest_route=\/wp\/v2\/pages\/44","targetHints":{"allow":["GET"]}}],"collection":[{"href":"https:\/\/www.temperament430.cz\/index.php?rest_route=\/wp\/v2\/pages"}],"about":[{"href":"https:\/\/www.temperament430.cz\/index.php?rest_route=\/wp\/v2\/types\/page"}],"author":[{"embeddable":true,"href":"https:\/\/www.temperament430.cz\/index.php?rest_route=\/wp\/v2\/users\/1"}],"replies":[{"embeddable":true,"href":"https:\/\/www.temperament430.cz\/index.php?rest_route=%2Fwp%2Fv2%2Fcomments&post=44"}],"version-history":[{"count":6,"href":"https:\/\/www.temperament430.cz\/index.php?rest_route=\/wp\/v2\/pages\/44\/revisions"}],"predecessor-version":[{"id":505,"href":"https:\/\/www.temperament430.cz\/index.php?rest_route=\/wp\/v2\/pages\/44\/revisions\/505"}],"wp:attachment":[{"href":"https:\/\/www.temperament430.cz\/index.php?rest_route=%2Fwp%2Fv2%2Fmedia&parent=44"}],"wp:term":[{"taxonomy":"folder","embeddable":true,"href":"https:\/\/www.temperament430.cz\/index.php?rest_route=%2Fwp%2Fv2%2Ffolder&post=44"}],"curies":[{"name":"wp","href":"https:\/\/api.w.org\/{rel}","templated":true}]}}